{"id":94,"date":"2021-10-12T05:17:07","date_gmt":"2021-10-12T05:17:07","guid":{"rendered":"https:\/\/c.invazores.org\/?page_id=94"},"modified":"2021-10-19T21:14:28","modified_gmt":"2021-10-20T02:14:28","slug":"home-2","status":"publish","type":"page","link":"https:\/\/c.invazores.org\/","title":{"rendered":"Home"},"content":{"rendered":"\n<div class=\"wp-block-group alignfull is-style-default\"><div class=\"wp-block-group__inner-container is-layout-flow wp-block-group-is-layout-flow\">\n<h1 class=\"alignwide wp-block-heading\"><span style=\"color:#a30023\" class=\"has-inline-color\">Blogueando <\/span><span class=\"has-inline-color has-black-color\">desde cuando los blogs eran relevantes<\/span><\/h1>\n\n\n\n<p class=\"tw-text-wide has-h-3-font-size\" style=\"line-height:1.4\">Entonces la internet que conoc\u00edamos hab\u00eda estallado junta con la burbuja y una internet nueva, llena de contenido colaborativo, hab\u00eda aparecido. <\/p>\n\n\n\n<p class=\"tw-text-wide has-h-3-font-size\" style=\"line-height:1.4\">No pens\u00e1bamos cambiar el mundo, pero finalmente los blogs cambiaron la manera de ver la internet, antes de disolverse en la irrelevancia y ceder su paso a otras formas de producci\u00f3n de contenido. <\/p>\n\n\n\n<p class=\"tw-text-wide has-h-3-font-size\" style=\"line-height:1.4\">Este retorno obedece a muchas cosas, la necesidad de exponer los proyectos que me ocupan actualmente, pero tambi\u00e9n un tema de salud mental en estos tiempos de pandemia. Poder ventilar ac\u00e1 esos temas que son necesario conversar en voz alta.<\/p>\n<\/div><\/div>\n\n\n\n<div class=\"wp-block-group alignfull\"><div class=\"wp-block-group__inner-container is-layout-flow wp-block-group-is-layout-flow\">\n<div class=\"wp-block-columns alignwide tw-gutter-large tw-cols-stack-md is-layout-flex wp-container-core-columns-is-layout-d0b3c9c8 wp-block-columns-is-layout-flex\">\n<div class=\"wp-block-column is-layout-flow wp-block-column-is-layout-flow\" style=\"--col-width:40%;flex-basis:40%\">\n<h2 class=\"tw-mb-3 wp-block-heading\">Una de ellas, son los <span style=\"color:#a30023\" class=\"has-inline-color\">Podcast<\/span><\/h2>\n<\/div>\n\n\n\n<div class=\"wp-block-column is-layout-flow wp-block-column-is-layout-flow\" style=\"--col-width:60%;flex-basis:60%\">\n<p>No existe forma m\u00e1s \u00edntima de contar una historia que de viva voz, en el espacio que le sea m\u00e1s c\u00f3modo al oyente. Los podcast son justo eso, espacios donde alguien le cuenta algo a alguien en  un espacio personal del oyente, en el momento que le sea m\u00e1s apropiado.<\/p>\n\n\n\n<p>Viajes largos, esperas, momentos de tensi\u00f3n o soledad, son aliviados oyendo estos espacios que pueden contar historias, transmitir informaci\u00f3n, narrar noticias o sencillamente hacerte reir. <\/p>\n<\/div>\n<\/div>\n<\/div><\/div>\n\n\n\n<div class=\"wp-block-group alignfull\"><div class=\"wp-block-group__inner-container is-layout-flow wp-block-group-is-layout-flow\">\n<div class=\"wp-block-columns alignwide tw-gutter-large tw-cols-stack-md is-layout-flex wp-container-core-columns-is-layout-d0b3c9c8 wp-block-columns-is-layout-flex\">\n<div class=\"wp-block-column is-layout-flow wp-block-column-is-layout-flow\" style=\"--col-width:40%;flex-basis:40%\">\n<h2 class=\"tw-mb-3 wp-block-heading\">Seis consejos para el <span style=\"color:#a30023\" class=\"has-inline-color\">podcaster <\/span>novato<\/h2>\n<\/div>\n\n\n\n<div class=\"wp-block-column is-layout-flow wp-block-column-is-layout-flow\" style=\"--col-width:60%;flex-basis:60%\">\n<ol class=\"is-style-tw-border-inner tw-list-spacing-medium wp-block-list\"><li>Intenta estar seguro cu\u00e1l es la idea o tema de tu podcast.<\/li><li>Haz una lista de tus retos t\u00e9cnicos.<\/li><li>Usa una pauta o guion.<\/li><li>Hazte a la idea de que tendr\u00e1s que invertir en equipo en alg\u00fan momento, investiga en el m\u00e1s apropiado dentro de tu presupuesto.<\/li><li>Trata de mantener una periodicidad<\/li><li>Una forma de respetar a tus oyentes es un sonido claro, graba de la manera m\u00e1s limpia que sea posible con tus medios.<\/li><\/ol>\n<\/div>\n<\/div>\n<\/div><\/div>\n\n\n\n<div class=\"wp-block-group alignfull\"><div class=\"wp-block-group__inner-container is-layout-flow wp-block-group-is-layout-flow\">\n<div class=\"wp-block-columns alignwide tw-gutter-large tw-cols-stack-md is-layout-flex wp-container-core-columns-is-layout-d0b3c9c8 wp-block-columns-is-layout-flex\">\n<div class=\"wp-block-column is-layout-flow wp-block-column-is-layout-flow\" style=\"--col-width:40%;flex-basis:40%\">\n<h2 class=\"tw-mb-3 wp-block-heading\">Latest posts<\/h2>\n<\/div>\n\n\n\n<div class=\"wp-block-column is-layout-flow wp-block-column-is-layout-flow\" style=\"--col-width:60%;flex-basis:60%\"><ul class=\"wp-block-latest-posts__list has-dates tw-mt-2 tw-hide-more-link wp-block-latest-posts\"><li><a class=\"wp-block-latest-posts__post-title\" href=\"https:\/\/c.invazores.org\/?p=164\">Algunas pruebas del  Helios 44m-4<\/a><time datetime=\"2022-04-17T13:47:28-05:00\" class=\"wp-block-latest-posts__post-date\">abril 17, 2022<\/time><div class=\"wp-block-latest-posts__post-excerpt\">Uno de los detalles m\u00e1s interesantes del Helios es que es un lente peque\u00f1o, en una reflex peque\u00f1a (como la Rebel SL3\/EOS 250D) debe pasar desapercibido. Incluso queda como bastante peque\u00f1o a pesar del adaptador en&hellip; <a class=\"more-link\" href=\"https:\/\/c.invazores.org\/?p=164\">Continue reading <span class=\"screen-reader-text\">Algunas pruebas del  Helios 44m-4<\/span><\/a><\/div><\/li>\n<li><a class=\"wp-block-latest-posts__post-title\" href=\"https:\/\/c.invazores.org\/?p=153\">Despu\u00e9s de la guerra, los sovi\u00e9ticos recrearon el sol<\/a><time datetime=\"2021-10-17T19:44:49-05:00\" class=\"wp-block-latest-posts__post-date\">octubre 17, 2021<\/time><div class=\"wp-block-latest-posts__post-excerpt\">Cuando Rusia se vio envuelta en la Segunda Guerra Mundial se encontr\u00f3 con que necesitaba instrumentos \u00f3pticos para el Ej\u00e9rcito Rojo. Los principales proveedores de estos instrumentos \u00f3pticos eran empresas del Eje, como Zeiss, Leica, Canon,&hellip; <a class=\"more-link\" href=\"https:\/\/c.invazores.org\/?p=153\">Continue reading <span class=\"screen-reader-text\">Despu\u00e9s de la guerra, los sovi\u00e9ticos recrearon el sol<\/span><\/a><\/div><\/li>\n<\/ul><\/div>\n<\/div>\n<\/div><\/div>\n","protected":false},"excerpt":{"rendered":"<p>Blogueando desde cuando los blogs eran relevantes Entonces la internet que conoc\u00edamos hab\u00eda estallado junta con la burbuja y una internet nueva, llena de contenido colaborativo, hab\u00eda aparecido. No pens\u00e1bamos cambiar el mundo, pero finalmente los blogs cambiaron la manera de ver la internet, antes de disolverse en la irrelevancia y ceder su paso a&hellip; <a class=\"more-link\" href=\"https:\/\/c.invazores.org\/\">Continue reading <span class=\"screen-reader-text\">Home<\/span><\/a><\/p>\n","protected":false},"author":1,"featured_media":0,"parent":0,"menu_order":0,"comment_status":"closed","ping_status":"closed","template":"tw-no-title.php","meta":{"footnotes":""},"class_list":["post-94","page","type-page","status-publish","hentry","entry"],"_links":{"self":[{"href":"https:\/\/c.invazores.org\/index.php?rest_route=\/wp\/v2\/pages\/94","targetHints":{"allow":["GET"]}}],"collection":[{"href":"https:\/\/c.invazores.org\/index.php?rest_route=\/wp\/v2\/pages"}],"about":[{"href":"https:\/\/c.invazores.org\/index.php?rest_route=\/wp\/v2\/types\/page"}],"author":[{"embeddable":true,"href":"https:\/\/c.invazores.org\/index.php?rest_route=\/wp\/v2\/users\/1"}],"replies":[{"embeddable":true,"href":"https:\/\/c.invazores.org\/index.php?rest_route=%2Fwp%2Fv2%2Fcomments&post=94"}],"version-history":[{"count":6,"href":"https:\/\/c.invazores.org\/index.php?rest_route=\/wp\/v2\/pages\/94\/revisions"}],"predecessor-version":[{"id":161,"href":"https:\/\/c.invazores.org\/index.php?rest_route=\/wp\/v2\/pages\/94\/revisions\/161"}],"wp:attachment":[{"href":"https:\/\/c.invazores.org\/index.php?rest_route=%2Fwp%2Fv2%2Fmedia&parent=94"}],"curies":[{"name":"wp","href":"https:\/\/api.w.org\/{rel}","templated":true}]}}